{"id":279,"date":"2011-06-03T00:06:24","date_gmt":"2011-06-03T00:06:24","guid":{"rendered":"http:\/\/paulinaderbez.com\/?page_id=279"},"modified":"2024-03-27T22:36:20","modified_gmt":"2024-03-27T22:36:20","slug":"curriculum-vitae","status":"publish","type":"page","link":"https:\/\/paulinaderbez.com\/en\/curriculum-vitae\/","title":{"rendered":"Curriculum Vitae"},"content":{"rendered":"<h2><strong>PROFESSIONAL EXPERIENCE<\/strong><\/h2>\n<p><a href=\"https:\/\/paulinaderbez.com\/wp-content\/uploads\/2022\/05\/Paulina-Derbez-CV-2022-EN.pdf\" target=\"_blank\" rel=\"noopener\">Download CV (PDF)<\/a><\/p>\n<h3><strong>PERFORMING\/COMPOSING EXPERIENCE<\/strong><\/h3>\n<p><strong>2022 <\/strong><strong>Concerts with organist Dr. Becker in Toronto<\/strong><\/p>\n<p><strong>2022 <\/strong><strong>Concert with Duo Luna and conference as part of the 60<sup>th<\/sup> Anniversary Festival at Centro Cultural El Nigromante INBA<\/strong><\/p>\n<p><strong>2021 <\/strong><strong>Premiere of <\/strong><strong><em>\u201cThe Mystic Voice of a Violin\u201d,<\/em><\/strong><strong> program with baroque pieces and original music, at St Olav\u2019s Church in Toronto<\/strong><\/p>\n<p><strong>2021 <\/strong><strong>Creation of the musical monologue <em>\u201cBatte Cuore\u201d<\/em> under the guidance of Liza Balkan<\/strong><\/p>\n<p><strong>2021 <\/strong><strong>Film Premiere of \u201c<em>Batte Cuore\u201d<\/em><\/strong><\/p>\n<p><strong>2019 <\/strong><strong>\u201cMirrors\u201d premiere, a squash court production, at the Citadel Theatre of Toronto<\/strong><\/p>\n<p><strong>2018 <\/strong><strong>Artistic residence at the University of Costa Rica with Duo Luna<\/strong><\/p>\n<p><strong>2018 <\/strong><strong>Concerts with Duo Luna in Romainmotier, Switzerland, and in Haus der Musik in Viena<\/strong><\/p>\n<p><strong>2018 <\/strong><strong>Assistant principal of the Orchestra<\/strong><strong> Music <\/strong>in the Alps in Bad Gastein, Austria.<\/p>\n<p>&nbsp;<strong>2006-2018<\/strong> Regular violinist with the Ontario Philharmonic (formerly Oshawa Durham Symphony Orchestra), <a href=\"http:\/\/ontariophil.ca\">http:\/\/ontariophil.ca<\/a><\/p>\n<p><strong>2017<\/strong> Organizer of the Festival M\u00e9xico Contempor\u00e1neo at York University, Toronto<\/p>\n<p><strong>2017 <\/strong>Concerts with Duo Luna at Teatro Juan de la Cabada, Campeche, and Mexican Cultural Institute, Washington<\/p>\n<p><strong>2016<\/strong> Performance at Koerner Hall with Lucy Rupert at Cultural Days.<\/p>\n<p><strong>2016 <\/strong>Creation of Squash Court Collective with the dancer and choreographer Lucy Rupert. Ontario Arts Council Recipient for their show Mirrors, www.blueceilingdance.com\/squash-court-collective<\/p>\n<p><strong>2016 <\/strong>TEDx talk at Paseo Santa Luc\u00eda, Mexico, with the theme The Conscious Musician.<\/p>\n<p><strong>2016<\/strong> Tour with the Duo Luna Derbez-Salazar in Toronto, New York, and Ottawa at the National Arts Centre with the program Paisajes Sonoros<\/p>\n<p><strong>2016<\/strong> Appointed Artistic Director of M\u00e9xico Contempor\u00e1neo Foundation<\/p>\n<p><strong>2015<\/strong> Launch of the printed version of El M\u00fasico Consciente at MUNAL, National Museaum, in Mexico City.<\/p>\n<p><strong>2015<\/strong> Tour in Italy with Barbara Croall and Jaime Luj\u00e1n with the program Altri Suoni: where classical meets avant-garde.<\/p>\n<p><strong>2014<\/strong> Presentation of the CD Altri Suoni at Festival Internacional Cervantino in Guanajuato, Mexico.<\/p>\n<p><strong>2014<\/strong> Performance at the Comuarte Music Festival with Barbara Croall and Jaime Luj\u00e1n at Palacio de Bellas Artes in Mexico city<\/p>\n<p><strong>2013 <\/strong>Launch of the book El M\u00fasico Consciente at the Guadalajara International Book Fair<\/p>\n<p><strong>2012 <\/strong>Premiere of the multidisciplinary show <em>Shika: out of the silence the sound is born<\/em> at George Ignatieff Theatre, Toronto<\/p>\n<p><strong>2010 <\/strong>Performing with PULS at the Glenn Gould Hall CBC Toronto, Canada<\/p>\n<p><strong>2008-2009<\/strong> Performances as member of the music ensemble PULS in various locations around GTA.<\/p>\n<p><strong>2009 <\/strong>Performance of own composition \u201cShika\u201d, Palacio de Bellas Artes, Mexico City.<\/p>\n<p><strong>2008 <\/strong>Winner of Comuarte Festival (Mexico) for composition \u201cShika.\u201d<\/p>\n<p><strong>2008 <\/strong>Performance of \u201cShika\u201d at Glenn Gould Hall, Toronto, broadcast on CBC, as part of the concert \u201cSounding Across the Americas\u201d<\/p>\n<p><strong>2007 <\/strong>Solo performance at the Alucine Festival, Toronto.<\/p>\n<p><strong>1999-2006<\/strong> Violinist with the baroque ensemble Capilla Virreinal de la Nueva Espa\u00f1a, Mexico City<\/p>\n<p><strong>1998-2006<\/strong> Freelance violinist for various music groups in Mexico City<\/p>\n<p><strong>2004-2005<\/strong> Member of the violin\/harpsichord duo Derbez-Padilla, Mexico City<\/p>\n<p><strong>2005 <\/strong>Violinist\/composer for the dance spectacle CUERPO IMPULSO at the Harbourfront Festival, Toronto (August 28-31) and Sala Miguel Covarrubias, Mexico City<\/p>\n<p><strong>2002-2004<\/strong> Member of the Quarteto Academia Yuriko Kuronuma<\/p>\n<p><strong>2002 <\/strong>Accompanying violinist series of Eurhythmy performances in Premeno, Italy, and Lugano Switzerland with Cesar Franck\u2019s sonata<\/p>\n<p><strong>2000\/2001<\/strong> Tours of Italy, France, Switzerland and Mexico with the Ensamble Camer\u00edstico de M\u00e9xico (Mexican Chamber Music Ensemble)<\/p>\n<p><strong>2000 <\/strong>Tour of Germany as violinist with La Orquesta de Bellas Artes<\/p>\n<p><strong>1999 <\/strong>Violinist with La Orquesta de C\u00e1mara de Bellas Artes, Mexico City<\/p>\n<p><strong>1998 <\/strong>Violinist\/actor in the interdisciplinary theatre spectacle Fenix at the Zurich Theatre Festival, the Studio Foce in Lugano, Swtizerland, and El Teatro Hel\u00e9nico, Mexico City<\/p>\n<p><strong>1997-1998<\/strong> Violinist with folk group Mireille Ben Ensamble, Switzerland<\/p>\n<p><strong>1996-1997<\/strong> Violinist with the Camerata Giovanile della Svizzera Italiana in Lugano, Loussane and Luzern<\/p>\n<p><strong>1995 <\/strong>Performances with pianist Roberto Dickman in Ticino, Switzerland.<\/p>\n<p><strong>1994 <\/strong>Violinist with La Orchestra del Conservatorio della Svizzera Italiana, performing in Switzerland and France.<\/p>\n<p><strong>1991 <\/strong>Concertmaster, La Orquesta Sinf\u00f3nica Vida y Movimiento, Mexico.<\/p>\n<p><strong>1990 <\/strong>Assistant Concertmaster, La Orquesta de las Juventudes Musicales, Bogota, Colombia<\/p>\n<p><strong>1989 <\/strong>Participant, San Miguel de Allende Chamber Music Festival, M\u00e9xico<\/p>\n<p><strong>1988 <\/strong>Finalist, National Violin Competition, Mexico<\/p>\n<p><strong>1987 <\/strong>Solo performance with the Fujisawa Symphony Orchestra, Tokyo, Japan. Tour of Japan with 12 selected students of the Yuriko Kuronuma Violin Academy<\/p>\n<p><strong>1986 <\/strong>Solo performance with the Guanajuato Symphony Orchestra, Mexico<\/p>\n<p><strong>1985 <\/strong>Solo performances touring in Japan with the 12 selected students of Yuriko Kuronuma Violin Academy.<\/p>\n<h3><strong>AWARDS<\/strong><\/h3>\n<p><strong>2018 <\/strong>Mexican Distinguished Award by the Mexican Government IME<\/p>\n<p><strong>2014<\/strong> Award \u201cOne of the Top Ten Mexicans in Canada\u201d by Latinos Magazine and the Globe and Mail<\/p>\n<p><strong>2013 <\/strong>Award \u201cOne of the 50 celebrities that transform Mexico\u201d by magazine Qui\u00e9n, CNN Expansi\u00f3n along Pl\u00e1cido Domingo and Alfonso Cuar\u00f3n<\/p>\n<h3><strong>GRANTS<\/strong><\/h3>\n<p><strong>2018 <\/strong>Movilidad Artistica for Europe Tour FONCA (Fondo Nacional para la cultura y las Artes)<\/p>\n<p><strong>2018 <\/strong>Production for Mirrors Ontario Arts Council<\/p>\n<p><strong>2016 <\/strong>Creation for Mirrors Ontario Arts Council<\/p>\n<p><strong>1997 <\/strong>Studies Abroad FONCA<\/p>\n<p><strong>1993-94<\/strong> Studies Abroad FONCA<\/p>\n<h3><strong>DISCS AND BOOKS<\/strong><\/h3>\n<p><strong>2015 <\/strong><em>El M\u00fasico Consciente<\/em>, Publishing House EMDEMUS<\/p>\n<p><strong>2014 <\/strong><em>The Conscious Musician,<\/em> English translation by Martin Boyd, Publishing House Ink<\/p>\n<p><strong>2013 <\/strong><em>Altri Suoni<\/em> original compositions by Paulina Derbez and Barbara Croall<\/p>\n<p><strong>2013 <\/strong><em>El M\u00fasico Consciente,<\/em> Publishing House Ink<\/p>\n<p><strong>2013 <\/strong><em>Depictions of a Concert,<\/em> Publishing House Ink<\/p>\n<h3><strong>TEACHING EXPERIENCE<\/strong><\/h3>\n<p><strong>2022 <\/strong><strong>Founder of <\/strong>The Conscious Musician Program<sup>\u00ae <\/sup>for undergraduate students<\/p>\n<p><strong>2022 <\/strong>Conference and workshop at the FONEM Foro de Educaci\u00f3n Musical Nicaragua<\/p>\n<p><strong>2019 <\/strong><strong>The Conscious Musician Seminar in Toronto with students from Mexico supported by the Government of Campeche<\/strong><\/p>\n<p><strong>2018 <\/strong><strong>The Conscious Musician Seminar <\/strong>at Music in the Alps Festival in Austria<\/p>\n<p><strong>2018 <\/strong>Conference and workshop at the University of Cosa Rica<\/p>\n<p><strong>2017 <\/strong>Faculty at Music in the Alps Festival in Austria and presentation of the book The Conscious Musician<\/p>\n<p><strong>2017 <\/strong>Jury at the Kiwanis Festival<\/p>\n<p><strong>2017 <\/strong>Masterclasses at Instituto de Cultura de Campeche, Mexico<\/p>\n<p><strong>2016 &nbsp;<\/strong>Masterclasses at Escuela Superior de M\u00fasica in Mexico city<\/p>\n<p><strong>2015-2016 <\/strong>Workshop for kids with autism at Young Artscape Toronto<\/p>\n<p><strong>2006-2022 <\/strong>Private violin lessons, Toronto, Canada, based on THE CONSCIOUS MUSICIAN methodology.<\/p>\n<p><strong>2002-2006 <\/strong>Violin teacher, Academia Yuriko Kuronuma, Mexico City, including the delivery of workshops based on the Integral Development pedagogical method, preparation of students for concerts, etc.<\/p>\n<p><strong>2003-2004 <\/strong>Music teacher, Waldorf School of Cuernavaca, Mexico, including the delivery of workshops for both children and adults in the Integral Development pedagogical method<\/p>\n<p><strong>2002 <\/strong>Workshops\/Performance for students based on Integral Development Method, Liceo Mexicano Japones School, Mexico City.<\/p>\n<p><strong>1999-2006<\/strong> Private violin and piano lessons, Mexico City, based on Integral Development pedagogical method<\/p>\n<p><strong>1999 <\/strong>Integral Development children\u2019s workshop, International Music Festival, Morelia, Mexico<\/p>\n<p><strong>1997-1998<\/strong> Integral Development children\u2019s workshops, Rudolf Steiner School, Lugano, Switzerland<\/p>\n<h3><strong>MUSICAL EDUCATION<\/strong><\/h3>\n<p><strong>2021 <\/strong><strong>HeartMath Certified Mentor HeartMath Institute, Boulder Creek, California <\/strong><\/p>\n<p><strong>2019 <\/strong><strong>Masters in music Pedagogy ESMUC Escola Superior di Musica di Catalunya, Barcelona<\/strong><\/p>\n<p><strong>2007-2019<\/strong> Voice training with vocal instructor Fides Krucker, Toronto, Canada.<\/p>\n<p><strong>1996-1998<\/strong> Higher Studies in Violin, Accademia d\u2019Archi Vivaldi (teacher: Susane Holm), Lugano, Switzerland<\/p>\n<p><strong>1993-1995<\/strong> Higher Studies in Violin, Conservatorio della Svizzera Italiana, Switzerland<\/p>\n<p><strong>1992 <\/strong>Summer course in violin under Zakar Bron, Santander, Spain<\/p>\n<p><strong>1991 <\/strong>Meadowmont Summer School of Music under Margaret Pardee<\/p>\n<p><strong>1988-1989<\/strong> Violin Studies, Ollin Yoliztli School of Music, Mexico City<\/p>\n<p><strong>1980-1987<\/strong> Violin Studies, Yuriko Kuronuma Violin Academy, Mexico City<\/p>\n","protected":false},"excerpt":{"rendered":"<p>PROFESSIONAL EXPERIENCE Download CV (PDF) PERFORMING\/COMPOSING EXPERIENCE 2022 Concerts with organist Dr. Becker in Toronto 2022 Concert with Duo Luna and conference as part of the 60th Anniversary Festival at Centro Cultural El Nigromante INBA 2021 Premiere of \u201cThe Mystic Voice of a Violin\u201d, program with baroque pieces and original music, at St Olav\u2019s Church [&hellip;]<\/p>\n","protected":false},"author":1,"featured_media":2261,"parent":0,"menu_order":0,"comment_status":"closed","ping_status":"open","template":"page-full-width.php","meta":{"_acf_changed":false,"footnotes":""},"class_list":["post-279","page","type-page","status-publish","has-post-thumbnail","hentry"],"acf":[],"_links":{"self":[{"href":"https:\/\/paulinaderbez.com\/en\/wp-json\/wp\/v2\/pages\/279","targetHints":{"allow":["GET"]}}],"collection":[{"href":"https:\/\/paulinaderbez.com\/en\/wp-json\/wp\/v2\/pages"}],"about":[{"href":"https:\/\/paulinaderbez.com\/en\/wp-json\/wp\/v2\/types\/page"}],"author":[{"embeddable":true,"href":"https:\/\/paulinaderbez.com\/en\/wp-json\/wp\/v2\/users\/1"}],"replies":[{"embeddable":true,"href":"https:\/\/paulinaderbez.com\/en\/wp-json\/wp\/v2\/comments?post=279"}],"version-history":[{"count":3,"href":"https:\/\/paulinaderbez.com\/en\/wp-json\/wp\/v2\/pages\/279\/revisions"}],"predecessor-version":[{"id":2105,"href":"https:\/\/paulinaderbez.com\/en\/wp-json\/wp\/v2\/pages\/279\/revisions\/2105"}],"wp:featuredmedia":[{"embeddable":true,"href":"https:\/\/paulinaderbez.com\/en\/wp-json\/wp\/v2\/media\/2261"}],"wp:attachment":[{"href":"https:\/\/paulinaderbez.com\/en\/wp-json\/wp\/v2\/media?parent=279"}],"curies":[{"name":"wp","href":"https:\/\/api.w.org\/{rel}","templated":true}]}}